{"id":30,"date":"2025-10-14T13:49:15","date_gmt":"2025-10-14T11:49:15","guid":{"rendered":"https:\/\/demo2.zinelfm.pl\/?page_id=30"},"modified":"2025-10-14T13:49:15","modified_gmt":"2025-10-14T11:49:15","slug":"tworz-swoja-witryne-za-pomoca-blokow","status":"publish","type":"page","link":"https:\/\/demo2.zinelfm.pl\/","title":{"rendered":"Tw\u00f3rz swoj\u0105 witryn\u0119 za pomoc\u0105 blok\u00f3w"},"content":{"rendered":"\n\t\t\t\t\t\n\t\t\t\t\t<h2 class=\"alignwide has-text-align-wide has-gigantic-font-size wp-block-heading\" style=\"line-height:1.1\">Tw\u00f3rz swoj\u0105 witryn\u0119 za pomoc\u0105 blok\u00f3w<\/h2>\n\t\t\t\t\t\n\n\t\t\t\t\t\n\t\t\t\t\t<div style=\"height:100px\" aria-hidden=\"true\" class=\"wp-block-spacer\"><\/div>\n\t\t\t\t\t\n\n\t\t\t\t\t\n\t\t\t\t\t<div class=\"wp-block-columns alignwide are-vertically-aligned-center is-style-twentytwentyone-columns-overlap is-layout-flex wp-container-core-columns-is-layout-9d6595d7 wp-block-columns-is-layout-flex\">\n\t\t\t\t\t<div class=\"wp-block-column is-vertically-aligned-center is-layout-flow wp-block-column-is-layout-flow\">\n\t\t\t\t\t<figure class=\"wp-block-image alignfull size-large\"><img decoding=\"async\" src=\"https:\/\/demo2.zinelfm.pl\/wp-content\/themes\/twentytwentyone\/assets\/images\/roses-tremieres-hollyhocks-1884.jpg\" alt=\"&#8220;Malwy&#8221; - Berthe Morisot\"\/><\/figure>\n\t\t\t\t\t\n\n\t\t\t\t\t\n\t\t\t\t\t<div style=\"height:100px\" aria-hidden=\"true\" class=\"wp-block-spacer\"><\/div>\n\t\t\t\t\t\n\n\t\t\t\t\t\n\t\t\t\t\t<figure class=\"wp-block-image alignfull size-large is-style-twentytwentyone-image-frame\"><img decoding=\"async\" src=\"https:\/\/demo2.zinelfm.pl\/wp-content\/themes\/twentytwentyone\/assets\/images\/in-the-bois-de-boulogne.jpg\" alt=\"&#8220;W Lasku Bolo\u0144skim&#8221; - Berthe Morisot\"\/><\/figure>\n\t\t\t\t\t<\/div>\n\t\t\t\t\t\n\n\t\t\t\t\t\n\t\t\t\t\t<div class=\"wp-block-column is-vertically-aligned-center is-layout-flow wp-block-column-is-layout-flow\">\n\t\t\t\t\t<div style=\"height:100px\" aria-hidden=\"true\" class=\"wp-block-spacer\"><\/div>\n\t\t\t\t\t\n\n\t\t\t\t\t\n\t\t\t\t\t<figure class=\"wp-block-image size-large alignfull size-full is-style-twentytwentyone-border\"><img decoding=\"async\" src=\"https:\/\/demo2.zinelfm.pl\/wp-content\/themes\/twentytwentyone\/assets\/images\/young-woman-in-mauve.jpg\" alt=\"&#8220;M\u0142oda kobieta w fio\u0142kach&#8221; - Berthe Morisot\"\/><\/figure>\n\t\t\t\t\t<\/div>\n\t\t\t\t\t<\/div>\n\t\t\t\t\t\n\n\t\t\t\t\t\n\t\t\t\t\t<div style=\"height:50px\" aria-hidden=\"true\" class=\"wp-block-spacer\"><\/div>\n\t\t\t\t\t\n\n\t\t\t\t\t\n\t\t\t\t\t<div class=\"wp-block-columns alignwide are-vertically-aligned-top is-layout-flex wp-container-core-columns-is-layout-9d6595d7 wp-block-columns-is-layout-flex\">\n\t\t\t\t\t<div class=\"wp-block-column is-vertically-aligned-top is-layout-flow wp-block-column-is-layout-flow\">\n\t\t\t\t\t<h3 class=\"wp-block-heading\">Dodaj wzorzec blok\u00f3w<\/h3>\n\t\t\t\t\t\n\n\t\t\t\t\t\n\t\t\t\t\t<p>Wzory blok\u00f3w to wst\u0119pnie zaprojektowane grupy blok\u00f3w. Aby doda\u0107, wybierz przycisk dodaj blok [+] na pasku narz\u0119dzi u g\u00f3ry edytora. Przejd\u017a do karty Wzory pod paskiem wyszukiwania i wybierz.<\/p>\n\t\t\t\t\t<\/div>\n\t\t\t\t\t\n\n\t\t\t\t\t\n\t\t\t\t\t<div class=\"wp-block-column is-vertically-aligned-top is-layout-flow wp-block-column-is-layout-flow\">\n\t\t\t\t\t<h3 class=\"wp-block-heading\">Dodaj ramk\u0119 do obrazk\u00f3w<\/h3>\n\t\t\t\t\t\n\n\t\t\t\t\t\n\t\t\t\t\t<p>Twenty Twenty-One zawiera stylowe obramowanie tre\u015bci. W bloku obrazka otw\u00f3rz panel \u201eStyle\u201d z paska bocznego edytora. Wybierz styl bloku \u201eRamka\u201d, aby aktywowa\u0107.<\/p>\n\t\t\t\t\t<\/div>\n\t\t\t\t\t\n\n\t\t\t\t\t\n\t\t\t\t\t<div class=\"wp-block-column is-vertically-aligned-top is-layout-flow wp-block-column-is-layout-flow\">\n\t\t\t\t\t<h3 class=\"wp-block-heading\">Nak\u0142adaj\u0105ce si\u0119 kolumny<\/h3>\n\t\t\t\t\t\n\n\t\t\t\t\t\n\t\t\t\t\t<p>Twenty Twenty-One zawiera r\u00f3wnie\u017c styl nak\u0142adania si\u0119 na blok\u00f3w kolumn. Po zaznaczeniu bloku Kolumny otw\u00f3rz panel \u201eStyle\u201d na pasku bocznym Edytora. Wybierz styl bloku \u201eNak\u0142adanie\u201d, aby wypr\u00f3bowa\u0107.<\/p>\n\t\t\t\t\t<\/div>\n\t\t\t\t\t<\/div>\n\t\t\t\t\t\n\n\t\t\t\t\t\n\t\t\t\t\t<div style=\"height:100px\" aria-hidden=\"true\" class=\"wp-block-spacer\"><\/div>\n\t\t\t\t\t\n\n\t\t\t\t\t\n\t\t\t\t\t<div class=\"wp-block-cover alignwide has-green-background-color has-background-dim is-style-twentytwentyone-border\"><div class=\"wp-block-cover__inner-container is-layout-flow wp-block-cover-is-layout-flow\">\n\t\t\t\t\t<div style=\"height:20px\" aria-hidden=\"true\" class=\"wp-block-spacer\"><\/div>\n\t\t\t\t\t\n\n\t\t\t\t\t\n\t\t\t\t\t<p class=\"has-huge-font-size\">Potrzebujesz pomocy?<\/p>\n\t\t\t\t\t\n\n\t\t\t\t\t\n\t\t\t\t\t<div style=\"height:75px\" aria-hidden=\"true\" class=\"wp-block-spacer\"><\/div>\n\t\t\t\t\t\n\n\t\t\t\t\t\n\t\t\t\t\t<div class=\"wp-block-columns is-layout-flex wp-container-core-columns-is-layout-9d6595d7 wp-block-columns-is-layout-flex\">\n\t\t\t\t\t<div class=\"wp-block-column is-layout-flow wp-block-column-is-layout-flow\">\n\t\t\t\t\t<p><a href=\"https:\/\/wordpress.org\/support\/article\/twenty-twenty-one\/\">Przeczytaj dokumentacj\u0119 motywu<\/a><\/p>\n\t\t\t\t\t<\/div>\n\t\t\t\t\t\n\n\t\t\t\t\t\n\t\t\t\t\t<div class=\"wp-block-column is-layout-flow wp-block-column-is-layout-flow\">\n\t\t\t\t\t<p><a href=\"https:\/\/wordpress.org\/support\/theme\/twentytwentyone\/\">Sprawd\u017a forum wsparcia<\/a><\/p>\n\t\t\t\t\t<\/div>\n\t\t\t\t\t<\/div>\n\t\t\t\t\t\n\n\t\t\t\t\t\n\t\t\t\t\t<div style=\"height:20px\" aria-hidden=\"true\" class=\"wp-block-spacer\"><\/div>\n\t\t\t\t\t<\/div><\/div>\n\t\t\t\t\t","protected":false},"excerpt":{"rendered":"<p>Tw\u00f3rz swoj\u0105 witryn\u0119 za pomoc\u0105 blok\u00f3w Dodaj wzorzec blok\u00f3w Wzory blok\u00f3w to wst\u0119pnie zaprojektowane grupy blok\u00f3w. Aby doda\u0107, wybierz przycisk dodaj blok [+] na pasku narz\u0119dzi u g\u00f3ry edytora. Przejd\u017a do karty Wzory pod paskiem wyszukiwania i wybierz. Dodaj ramk\u0119 do obrazk\u00f3w Twenty Twenty-One zawiera stylowe obramowanie tre\u015bci. W bloku obrazka otw\u00f3rz panel \u201eStyle\u201d z&hellip; <a class=\"more-link\" href=\"https:\/\/demo2.zinelfm.pl\/\">Czytaj dalej <span class=\"screen-reader-text\">Tw\u00f3rz swoj\u0105 witryn\u0119 za pomoc\u0105 blok\u00f3w<\/span><\/a><\/p>\n","protected":false},"author":1,"featured_media":0,"parent":0,"menu_order":0,"comment_status":"closed","ping_status":"closed","template":"","meta":{"footnotes":""},"class_list":["post-30","page","type-page","status-publish","hentry","entry"],"yoast_head":"<!-- This site is optimized with the Yoast SEO plugin v27.5 - https:\/\/yoast.com\/product\/yoast-seo-wordpress\/ -->\n<title>Tw\u00f3rz swoj\u0105 witryn\u0119 za pomoc\u0105 blok\u00f3w - Strona g\u0142\u00f3wna 2<\/title>\n<meta name=\"robots\" content=\"noindex, follow, max-snippet:-1, max-image-preview:large, max-video-preview:-1\" \/>\n<meta property=\"og:locale\" content=\"pl_PL\" class=\"yoast-seo-meta-tag\" \/>\n<meta property=\"og:type\" content=\"article\" class=\"yoast-seo-meta-tag\" \/>\n<meta property=\"og:title\" content=\"Tw\u00f3rz swoj\u0105 witryn\u0119 za pomoc\u0105 blok\u00f3w - Strona g\u0142\u00f3wna 2\" class=\"yoast-seo-meta-tag\" \/>\n<meta property=\"og:description\" content=\"Tw\u00f3rz swoj\u0105 witryn\u0119 za pomoc\u0105 blok\u00f3w Dodaj wzorzec blok\u00f3w Wzory blok\u00f3w to wst\u0119pnie zaprojektowane grupy blok\u00f3w. Aby doda\u0107, wybierz przycisk dodaj blok [+] na pasku narz\u0119dzi u g\u00f3ry edytora. Przejd\u017a do karty Wzory pod paskiem wyszukiwania i wybierz. Dodaj ramk\u0119 do obrazk\u00f3w Twenty Twenty-One zawiera stylowe obramowanie tre\u015bci. W bloku obrazka otw\u00f3rz panel \u201eStyle\u201d z&hellip; Czytaj dalej Tw\u00f3rz swoj\u0105 witryn\u0119 za pomoc\u0105 blok\u00f3w\" class=\"yoast-seo-meta-tag\" \/>\n<meta property=\"og:url\" content=\"https:\/\/demo2.zinelfm.pl\/\" class=\"yoast-seo-meta-tag\" \/>\n<meta property=\"og:site_name\" content=\"Strona g\u0142\u00f3wna 2\" class=\"yoast-seo-meta-tag\" \/>\n<meta property=\"og:image\" content=\"https:\/\/demo2.zinelfm.pl\/wp-content\/themes\/twentytwentyone\/assets\/images\/roses-tremieres-hollyhocks-1884.jpg\" class=\"yoast-seo-meta-tag\" \/>\n<meta name=\"twitter:card\" content=\"summary_large_image\" class=\"yoast-seo-meta-tag\" \/>\n<meta name=\"twitter:label1\" content=\"Szacowany czas czytania\" class=\"yoast-seo-meta-tag\" \/>\n\t<meta name=\"twitter:data1\" content=\"1 minuta\" class=\"yoast-seo-meta-tag\" \/>\n<script type=\"application\/ld+json\" class=\"yoast-schema-graph\">{\"@context\":\"https:\\\/\\\/schema.org\",\"@graph\":[{\"@type\":\"WebPage\",\"@id\":\"https:\\\/\\\/demo2.zinelfm.pl\\\/\",\"url\":\"https:\\\/\\\/demo2.zinelfm.pl\\\/\",\"name\":\"Tw\u00f3rz swoj\u0105 witryn\u0119 za pomoc\u0105 blok\u00f3w - Strona g\u0142\u00f3wna 2\",\"isPartOf\":{\"@id\":\"https:\\\/\\\/demo2.zinelfm.pl\\\/#website\"},\"primaryImageOfPage\":{\"@id\":\"https:\\\/\\\/demo2.zinelfm.pl\\\/#primaryimage\"},\"image\":{\"@id\":\"https:\\\/\\\/demo2.zinelfm.pl\\\/#primaryimage\"},\"thumbnailUrl\":\"https:\\\/\\\/demo2.zinelfm.pl\\\/wp-content\\\/themes\\\/twentytwentyone\\\/assets\\\/images\\\/roses-tremieres-hollyhocks-1884.jpg\",\"datePublished\":\"2025-10-14T11:49:15+00:00\",\"breadcrumb\":{\"@id\":\"https:\\\/\\\/demo2.zinelfm.pl\\\/#breadcrumb\"},\"inLanguage\":\"pl-PL\",\"potentialAction\":[{\"@type\":\"ReadAction\",\"target\":[\"https:\\\/\\\/demo2.zinelfm.pl\\\/\"]}]},{\"@type\":\"ImageObject\",\"inLanguage\":\"pl-PL\",\"@id\":\"https:\\\/\\\/demo2.zinelfm.pl\\\/#primaryimage\",\"url\":\"https:\\\/\\\/demo2.zinelfm.pl\\\/wp-content\\\/themes\\\/twentytwentyone\\\/assets\\\/images\\\/roses-tremieres-hollyhocks-1884.jpg\",\"contentUrl\":\"https:\\\/\\\/demo2.zinelfm.pl\\\/wp-content\\\/themes\\\/twentytwentyone\\\/assets\\\/images\\\/roses-tremieres-hollyhocks-1884.jpg\"},{\"@type\":\"BreadcrumbList\",\"@id\":\"https:\\\/\\\/demo2.zinelfm.pl\\\/#breadcrumb\",\"itemListElement\":[{\"@type\":\"ListItem\",\"position\":1,\"name\":\"Strona g\u0142\u00f3wna\",\"item\":\"https:\\\/\\\/demo2.zinelfm.pl\\\/\"},{\"@type\":\"ListItem\",\"position\":2,\"name\":\"Tw\u00f3rz swoj\u0105 witryn\u0119 za pomoc\u0105 blok\u00f3w\"}]},{\"@type\":\"WebSite\",\"@id\":\"https:\\\/\\\/demo2.zinelfm.pl\\\/#website\",\"url\":\"https:\\\/\\\/demo2.zinelfm.pl\\\/\",\"name\":\"Strona g\u0142\u00f3wna 2\",\"description\":\"Just another WordPress site\",\"potentialAction\":[{\"@type\":\"SearchAction\",\"target\":{\"@type\":\"EntryPoint\",\"urlTemplate\":\"https:\\\/\\\/demo2.zinelfm.pl\\\/?s={search_term_string}\"},\"query-input\":{\"@type\":\"PropertyValueSpecification\",\"valueRequired\":true,\"valueName\":\"search_term_string\"}}],\"inLanguage\":\"pl-PL\"}]}<\/script>\n<!-- \/ Yoast SEO plugin. -->","yoast_head_json":{"title":"Tw\u00f3rz swoj\u0105 witryn\u0119 za pomoc\u0105 blok\u00f3w - Strona g\u0142\u00f3wna 2","robots":{"index":"noindex","follow":"follow","max-snippet":"max-snippet:-1","max-image-preview":"max-image-preview:large","max-video-preview":"max-video-preview:-1"},"og_locale":"pl_PL","og_type":"article","og_title":"Tw\u00f3rz swoj\u0105 witryn\u0119 za pomoc\u0105 blok\u00f3w - Strona g\u0142\u00f3wna 2","og_description":"Tw\u00f3rz swoj\u0105 witryn\u0119 za pomoc\u0105 blok\u00f3w Dodaj wzorzec blok\u00f3w Wzory blok\u00f3w to wst\u0119pnie zaprojektowane grupy blok\u00f3w. Aby doda\u0107, wybierz przycisk dodaj blok [+] na pasku narz\u0119dzi u g\u00f3ry edytora. Przejd\u017a do karty Wzory pod paskiem wyszukiwania i wybierz. Dodaj ramk\u0119 do obrazk\u00f3w Twenty Twenty-One zawiera stylowe obramowanie tre\u015bci. W bloku obrazka otw\u00f3rz panel \u201eStyle\u201d z&hellip; Czytaj dalej Tw\u00f3rz swoj\u0105 witryn\u0119 za pomoc\u0105 blok\u00f3w","og_url":"https:\/\/demo2.zinelfm.pl\/","og_site_name":"Strona g\u0142\u00f3wna 2","og_image":[{"url":"https:\/\/demo2.zinelfm.pl\/wp-content\/themes\/twentytwentyone\/assets\/images\/roses-tremieres-hollyhocks-1884.jpg","type":"","width":"","height":""}],"twitter_card":"summary_large_image","twitter_misc":{"Szacowany czas czytania":"1 minuta"},"schema":{"@context":"https:\/\/schema.org","@graph":[{"@type":"WebPage","@id":"https:\/\/demo2.zinelfm.pl\/","url":"https:\/\/demo2.zinelfm.pl\/","name":"Tw\u00f3rz swoj\u0105 witryn\u0119 za pomoc\u0105 blok\u00f3w - Strona g\u0142\u00f3wna 2","isPartOf":{"@id":"https:\/\/demo2.zinelfm.pl\/#website"},"primaryImageOfPage":{"@id":"https:\/\/demo2.zinelfm.pl\/#primaryimage"},"image":{"@id":"https:\/\/demo2.zinelfm.pl\/#primaryimage"},"thumbnailUrl":"https:\/\/demo2.zinelfm.pl\/wp-content\/themes\/twentytwentyone\/assets\/images\/roses-tremieres-hollyhocks-1884.jpg","datePublished":"2025-10-14T11:49:15+00:00","breadcrumb":{"@id":"https:\/\/demo2.zinelfm.pl\/#breadcrumb"},"inLanguage":"pl-PL","potentialAction":[{"@type":"ReadAction","target":["https:\/\/demo2.zinelfm.pl\/"]}]},{"@type":"ImageObject","inLanguage":"pl-PL","@id":"https:\/\/demo2.zinelfm.pl\/#primaryimage","url":"https:\/\/demo2.zinelfm.pl\/wp-content\/themes\/twentytwentyone\/assets\/images\/roses-tremieres-hollyhocks-1884.jpg","contentUrl":"https:\/\/demo2.zinelfm.pl\/wp-content\/themes\/twentytwentyone\/assets\/images\/roses-tremieres-hollyhocks-1884.jpg"},{"@type":"BreadcrumbList","@id":"https:\/\/demo2.zinelfm.pl\/#breadcrumb","itemListElement":[{"@type":"ListItem","position":1,"name":"Strona g\u0142\u00f3wna","item":"https:\/\/demo2.zinelfm.pl\/"},{"@type":"ListItem","position":2,"name":"Tw\u00f3rz swoj\u0105 witryn\u0119 za pomoc\u0105 blok\u00f3w"}]},{"@type":"WebSite","@id":"https:\/\/demo2.zinelfm.pl\/#website","url":"https:\/\/demo2.zinelfm.pl\/","name":"Strona g\u0142\u00f3wna 2","description":"Just another WordPress site","potentialAction":[{"@type":"SearchAction","target":{"@type":"EntryPoint","urlTemplate":"https:\/\/demo2.zinelfm.pl\/?s={search_term_string}"},"query-input":{"@type":"PropertyValueSpecification","valueRequired":true,"valueName":"search_term_string"}}],"inLanguage":"pl-PL"}]}},"jetpack_sharing_enabled":true,"_links":{"self":[{"href":"https:\/\/demo2.zinelfm.pl\/index.php?rest_route=\/wp\/v2\/pages\/30","targetHints":{"allow":["GET"]}}],"collection":[{"href":"https:\/\/demo2.zinelfm.pl\/index.php?rest_route=\/wp\/v2\/pages"}],"about":[{"href":"https:\/\/demo2.zinelfm.pl\/index.php?rest_route=\/wp\/v2\/types\/page"}],"author":[{"embeddable":true,"href":"https:\/\/demo2.zinelfm.pl\/index.php?rest_route=\/wp\/v2\/users\/1"}],"replies":[{"embeddable":true,"href":"https:\/\/demo2.zinelfm.pl\/index.php?rest_route=%2Fwp%2Fv2%2Fcomments&post=30"}],"version-history":[{"count":1,"href":"https:\/\/demo2.zinelfm.pl\/index.php?rest_route=\/wp\/v2\/pages\/30\/revisions"}],"predecessor-version":[{"id":35,"href":"https:\/\/demo2.zinelfm.pl\/index.php?rest_route=\/wp\/v2\/pages\/30\/revisions\/35"}],"wp:attachment":[{"href":"https:\/\/demo2.zinelfm.pl\/index.php?rest_route=%2Fwp%2Fv2%2Fmedia&parent=30"}],"curies":[{"name":"wp","href":"https:\/\/api.w.org\/{rel}","templated":true}]}}