{"id":31,"date":"2025-10-14T13:49:16","date_gmt":"2025-10-14T11:49:16","guid":{"rendered":"https:\/\/demo2.zinelfm.pl\/?page_id=31"},"modified":"2025-10-14T13:49:16","modified_gmt":"2025-10-14T11:49:16","slug":"informacje","status":"publish","type":"page","link":"https:\/\/demo2.zinelfm.pl\/?page_id=31","title":{"rendered":"Informacje"},"content":{"rendered":"\n<p>Mo\u017cesz by\u0107 artyst\u0105, kt\u00f3ry chcia\u0142by przedstawi\u0107 siebie i swoj\u0105 prac\u0119, a mo\u017ce to strona firmowa, a sama firma ma misj\u0119 do opisania.<\/p>\n","protected":false},"excerpt":{"rendered":"<p>Mo\u017cesz by\u0107 artyst\u0105, kt\u00f3ry chcia\u0142by przedstawi\u0107 siebie i swoj\u0105 prac\u0119, a mo\u017ce to strona firmowa, a sama firma ma misj\u0119 do opisania.<\/p>\n","protected":false},"author":1,"featured_media":0,"parent":0,"menu_order":0,"comment_status":"closed","ping_status":"closed","template":"","meta":{"footnotes":""},"class_list":["post-31","page","type-page","status-publish","hentry","entry"],"yoast_head":"<!-- This site is optimized with the Yoast SEO plugin v27.5 - https:\/\/yoast.com\/product\/yoast-seo-wordpress\/ -->\n<title>Informacje - Strona g\u0142\u00f3wna 2<\/title>\n<meta name=\"robots\" content=\"noindex, follow, max-snippet:-1, max-image-preview:large, max-video-preview:-1\" \/>\n<meta property=\"og:locale\" content=\"pl_PL\" class=\"yoast-seo-meta-tag\" \/>\n<meta property=\"og:type\" content=\"article\" class=\"yoast-seo-meta-tag\" \/>\n<meta property=\"og:title\" content=\"Informacje - Strona g\u0142\u00f3wna 2\" class=\"yoast-seo-meta-tag\" \/>\n<meta property=\"og:description\" content=\"Mo\u017cesz by\u0107 artyst\u0105, kt\u00f3ry chcia\u0142by przedstawi\u0107 siebie i swoj\u0105 prac\u0119, a mo\u017ce to strona firmowa, a sama firma ma misj\u0119 do opisania.\" class=\"yoast-seo-meta-tag\" \/>\n<meta property=\"og:url\" content=\"https:\/\/demo2.zinelfm.pl\/?page_id=31\" class=\"yoast-seo-meta-tag\" \/>\n<meta property=\"og:site_name\" content=\"Strona g\u0142\u00f3wna 2\" class=\"yoast-seo-meta-tag\" \/>\n<meta name=\"twitter:card\" content=\"summary_large_image\" class=\"yoast-seo-meta-tag\" \/>\n<script type=\"application\/ld+json\" class=\"yoast-schema-graph\">{\"@context\":\"https:\\\/\\\/schema.org\",\"@graph\":[{\"@type\":\"WebPage\",\"@id\":\"https:\\\/\\\/demo2.zinelfm.pl\\\/?page_id=31\",\"url\":\"https:\\\/\\\/demo2.zinelfm.pl\\\/?page_id=31\",\"name\":\"Informacje - Strona g\u0142\u00f3wna 2\",\"isPartOf\":{\"@id\":\"https:\\\/\\\/demo2.zinelfm.pl\\\/#website\"},\"datePublished\":\"2025-10-14T11:49:16+00:00\",\"breadcrumb\":{\"@id\":\"https:\\\/\\\/demo2.zinelfm.pl\\\/?page_id=31#breadcrumb\"},\"inLanguage\":\"pl-PL\",\"potentialAction\":[{\"@type\":\"ReadAction\",\"target\":[\"https:\\\/\\\/demo2.zinelfm.pl\\\/?page_id=31\"]}]},{\"@type\":\"BreadcrumbList\",\"@id\":\"https:\\\/\\\/demo2.zinelfm.pl\\\/?page_id=31#breadcrumb\",\"itemListElement\":[{\"@type\":\"ListItem\",\"position\":1,\"name\":\"Strona g\u0142\u00f3wna\",\"item\":\"https:\\\/\\\/demo2.zinelfm.pl\\\/\"},{\"@type\":\"ListItem\",\"position\":2,\"name\":\"Informacje\"}]},{\"@type\":\"WebSite\",\"@id\":\"https:\\\/\\\/demo2.zinelfm.pl\\\/#website\",\"url\":\"https:\\\/\\\/demo2.zinelfm.pl\\\/\",\"name\":\"Strona g\u0142\u00f3wna 2\",\"description\":\"Just another WordPress site\",\"potentialAction\":[{\"@type\":\"SearchAction\",\"target\":{\"@type\":\"EntryPoint\",\"urlTemplate\":\"https:\\\/\\\/demo2.zinelfm.pl\\\/?s={search_term_string}\"},\"query-input\":{\"@type\":\"PropertyValueSpecification\",\"valueRequired\":true,\"valueName\":\"search_term_string\"}}],\"inLanguage\":\"pl-PL\"}]}<\/script>\n<!-- \/ Yoast SEO plugin. -->","yoast_head_json":{"title":"Informacje - Strona g\u0142\u00f3wna 2","robots":{"index":"noindex","follow":"follow","max-snippet":"max-snippet:-1","max-image-preview":"max-image-preview:large","max-video-preview":"max-video-preview:-1"},"og_locale":"pl_PL","og_type":"article","og_title":"Informacje - Strona g\u0142\u00f3wna 2","og_description":"Mo\u017cesz by\u0107 artyst\u0105, kt\u00f3ry chcia\u0142by przedstawi\u0107 siebie i swoj\u0105 prac\u0119, a mo\u017ce to strona firmowa, a sama firma ma misj\u0119 do opisania.","og_url":"https:\/\/demo2.zinelfm.pl\/?page_id=31","og_site_name":"Strona g\u0142\u00f3wna 2","twitter_card":"summary_large_image","schema":{"@context":"https:\/\/schema.org","@graph":[{"@type":"WebPage","@id":"https:\/\/demo2.zinelfm.pl\/?page_id=31","url":"https:\/\/demo2.zinelfm.pl\/?page_id=31","name":"Informacje - Strona g\u0142\u00f3wna 2","isPartOf":{"@id":"https:\/\/demo2.zinelfm.pl\/#website"},"datePublished":"2025-10-14T11:49:16+00:00","breadcrumb":{"@id":"https:\/\/demo2.zinelfm.pl\/?page_id=31#breadcrumb"},"inLanguage":"pl-PL","potentialAction":[{"@type":"ReadAction","target":["https:\/\/demo2.zinelfm.pl\/?page_id=31"]}]},{"@type":"BreadcrumbList","@id":"https:\/\/demo2.zinelfm.pl\/?page_id=31#breadcrumb","itemListElement":[{"@type":"ListItem","position":1,"name":"Strona g\u0142\u00f3wna","item":"https:\/\/demo2.zinelfm.pl\/"},{"@type":"ListItem","position":2,"name":"Informacje"}]},{"@type":"WebSite","@id":"https:\/\/demo2.zinelfm.pl\/#website","url":"https:\/\/demo2.zinelfm.pl\/","name":"Strona g\u0142\u00f3wna 2","description":"Just another WordPress site","potentialAction":[{"@type":"SearchAction","target":{"@type":"EntryPoint","urlTemplate":"https:\/\/demo2.zinelfm.pl\/?s={search_term_string}"},"query-input":{"@type":"PropertyValueSpecification","valueRequired":true,"valueName":"search_term_string"}}],"inLanguage":"pl-PL"}]}},"jetpack_sharing_enabled":true,"_links":{"self":[{"href":"https:\/\/demo2.zinelfm.pl\/index.php?rest_route=\/wp\/v2\/pages\/31","targetHints":{"allow":["GET"]}}],"collection":[{"href":"https:\/\/demo2.zinelfm.pl\/index.php?rest_route=\/wp\/v2\/pages"}],"about":[{"href":"https:\/\/demo2.zinelfm.pl\/index.php?rest_route=\/wp\/v2\/types\/page"}],"author":[{"embeddable":true,"href":"https:\/\/demo2.zinelfm.pl\/index.php?rest_route=\/wp\/v2\/users\/1"}],"replies":[{"embeddable":true,"href":"https:\/\/demo2.zinelfm.pl\/index.php?rest_route=%2Fwp%2Fv2%2Fcomments&post=31"}],"version-history":[{"count":1,"href":"https:\/\/demo2.zinelfm.pl\/index.php?rest_route=\/wp\/v2\/pages\/31\/revisions"}],"predecessor-version":[{"id":36,"href":"https:\/\/demo2.zinelfm.pl\/index.php?rest_route=\/wp\/v2\/pages\/31\/revisions\/36"}],"wp:attachment":[{"href":"https:\/\/demo2.zinelfm.pl\/index.php?rest_route=%2Fwp%2Fv2%2Fmedia&parent=31"}],"curies":[{"name":"wp","href":"https:\/\/api.w.org\/{rel}","templated":true}]}}